{"id":121615,"date":"2023-03-17T12:05:11","date_gmt":"2023-03-17T10:05:11","guid":{"rendered":"https:\/\/raresbesliu.com\/?post_type=product&#038;p=121615"},"modified":"2025-09-04T14:42:49","modified_gmt":"2025-09-04T12:42:49","slug":"rama-neagra-50x70-cm","status":"publish","type":"product","link":"https:\/\/raresbesliu.com\/en\/produs\/rama-neagra-50x70-cm\/","title":{"rendered":"Ram\u0103 neagr\u0103, 50&#215;70 cm"},"content":{"rendered":"<div class=\"wpb-content-wrapper\"><p>[vc_row][vc_column width=&#8221;1\/1&#8243;][vc_column_text uncode_shortcode_id=&#8221;843407&#8243;]Ram\u0103 cu paspartu, l\u0103\u0163ime: 50 cm<br \/>\nRam\u0103 cu parpartu, \u00een\u0103l\u0163ime: 70 cm<br \/>\nRam\u0103 cu parpartu, l\u0103\u0163ime: 40 cm<br \/>\nRam\u0103 cu paspartu, \u00een\u0103l\u0163ime: 50 cm<br \/>\nPaspartu, l\u0103\u0163ime: 39 cm<br \/>\nPaspartu, \u00een\u0103l\u0163ime: 49 cm<br \/>\nlat. ram\u0103: 57 cm<br \/>\nH ram\u0103: 77 cm<br \/>\nAd\u00e2ncime cadru: 2.5 cm[\/vc_column_text][\/vc_column][\/vc_row]<\/p>\n<\/div>","protected":false},"excerpt":{"rendered":"<p>Se poate suspenda orizontal sau vertical pentru a se potrivi spa\u0163iului disponibil.<\/p>\n<p>Paspartu cu PH neutru; nu va decolora imaginea.<\/p>\n<p>Protec\u0163ie frontal\u0103 din plastic durabil; cadru mai sigur de folosit.<\/p>\n","protected":false},"featured_media":121620,"template":"","meta":[],"product_brand":[],"product_cat":[199],"product_tag":[],"class_list":{"0":"post-121615","1":"product","2":"type-product","3":"status-publish","4":"has-post-thumbnail","6":"product_cat-rame","8":"first","9":"instock","10":"taxable","11":"shipping-taxable","12":"purchasable","13":"product-type-simple"},"yoast_head":"<!-- This site is optimized with the Yoast SEO plugin v25.8 - https:\/\/yoast.com\/wordpress\/plugins\/seo\/ -->\n<title>Ram\u0103 neagr\u0103, 50x70 cm - Rare\u0219 Be\u0219liu - Wildlife Photography<\/title>\n<meta name=\"robots\" content=\"index, follow, max-snippet:-1, max-image-preview:large, max-video-preview:-1\" \/>\n<link rel=\"canonical\" href=\"https:\/\/raresbesliu.com\/en\/produs\/rama-neagra-50x70-cm\/\" \/>\n<meta property=\"og:locale\" content=\"en_US\" \/>\n<meta property=\"og:type\" content=\"article\" \/>\n<meta property=\"og:title\" content=\"Ram\u0103 neagr\u0103, 50x70 cm - Rare\u0219 Be\u0219liu - Wildlife Photography\" \/>\n<meta property=\"og:description\" content=\"Se poate suspenda orizontal sau vertical pentru a se potrivi spa\u0163iului disponibil.  Paspartu cu PH neutru; nu va decolora imaginea.  Protec\u0163ie frontal\u0103 din plastic durabil; cadru mai sigur de folosit.\" \/>\n<meta property=\"og:url\" content=\"https:\/\/raresbesliu.com\/en\/produs\/rama-neagra-50x70-cm\/\" \/>\n<meta property=\"og:site_name\" content=\"Rare\u0219 Be\u0219liu - Wildlife Photography\" \/>\n<meta property=\"article:modified_time\" content=\"2025-09-04T12:42:49+00:00\" \/>\n<meta property=\"og:image\" content=\"https:\/\/raresbesliu.com\/wp-content\/uploads\/2024\/07\/edsbruk-rama-vopsit-negru__0723741_pe734158_s5.webp\" \/>\n\t<meta property=\"og:image:width\" content=\"1400\" \/>\n\t<meta property=\"og:image:height\" content=\"1400\" \/>\n\t<meta property=\"og:image:type\" content=\"image\/webp\" \/>\n<meta name=\"twitter:card\" content=\"summary_large_image\" \/>\n<meta name=\"twitter:label1\" content=\"Est. reading time\" \/>\n\t<meta name=\"twitter:data1\" content=\"1 minute\" \/>\n<script type=\"application\/ld+json\" class=\"yoast-schema-graph\">{\"@context\":\"https:\/\/schema.org\",\"@graph\":[{\"@type\":\"WebPage\",\"@id\":\"https:\/\/raresbesliu.com\/en\/produs\/rama-neagra-50x70-cm\/\",\"url\":\"https:\/\/raresbesliu.com\/en\/produs\/rama-neagra-50x70-cm\/\",\"name\":\"Ram\u0103 neagr\u0103, 50x70 cm - Rare\u0219 Be\u0219liu - Wildlife Photography\",\"isPartOf\":{\"@id\":\"https:\/\/raresbesliu.com\/en\/#website\"},\"primaryImageOfPage\":{\"@id\":\"https:\/\/raresbesliu.com\/en\/produs\/rama-neagra-50x70-cm\/#primaryimage\"},\"image\":{\"@id\":\"https:\/\/raresbesliu.com\/en\/produs\/rama-neagra-50x70-cm\/#primaryimage\"},\"thumbnailUrl\":\"https:\/\/raresbesliu.com\/wp-content\/uploads\/2024\/07\/edsbruk-rama-vopsit-negru__0723741_pe734158_s5.webp\",\"datePublished\":\"2023-03-17T10:05:11+00:00\",\"dateModified\":\"2025-09-04T12:42:49+00:00\",\"breadcrumb\":{\"@id\":\"https:\/\/raresbesliu.com\/en\/produs\/rama-neagra-50x70-cm\/#breadcrumb\"},\"inLanguage\":\"en-US\",\"potentialAction\":[{\"@type\":\"ReadAction\",\"target\":[\"https:\/\/raresbesliu.com\/en\/produs\/rama-neagra-50x70-cm\/\"]}]},{\"@type\":\"ImageObject\",\"inLanguage\":\"en-US\",\"@id\":\"https:\/\/raresbesliu.com\/en\/produs\/rama-neagra-50x70-cm\/#primaryimage\",\"url\":\"https:\/\/raresbesliu.com\/wp-content\/uploads\/2024\/07\/edsbruk-rama-vopsit-negru__0723741_pe734158_s5.webp\",\"contentUrl\":\"https:\/\/raresbesliu.com\/wp-content\/uploads\/2024\/07\/edsbruk-rama-vopsit-negru__0723741_pe734158_s5.webp\",\"width\":1400,\"height\":1400},{\"@type\":\"BreadcrumbList\",\"@id\":\"https:\/\/raresbesliu.com\/en\/produs\/rama-neagra-50x70-cm\/#breadcrumb\",\"itemListElement\":[{\"@type\":\"ListItem\",\"position\":1,\"name\":\"Prima pagin\u0103\",\"item\":\"https:\/\/raresbesliu.com\/en\/homepage\/\"},{\"@type\":\"ListItem\",\"position\":2,\"name\":\"Shop\",\"item\":\"https:\/\/raresbesliu.com\/shop\/\"},{\"@type\":\"ListItem\",\"position\":3,\"name\":\"Ram\u0103 neagr\u0103, 50&#215;70 cm\"}]},{\"@type\":\"WebSite\",\"@id\":\"https:\/\/raresbesliu.com\/en\/#website\",\"url\":\"https:\/\/raresbesliu.com\/en\/\",\"name\":\"Rare\u0219 Be\u0219liu - Wildlife Photograhy\",\"description\":\"Wildlife Photography by Rare\u0219 Be\u0219liu\",\"publisher\":{\"@id\":\"https:\/\/raresbesliu.com\/en\/#\/schema\/person\/32073ae00259d039e10c0e01781227c3\"},\"potentialAction\":[{\"@type\":\"SearchAction\",\"target\":{\"@type\":\"EntryPoint\",\"urlTemplate\":\"https:\/\/raresbesliu.com\/en\/?s={search_term_string}\"},\"query-input\":{\"@type\":\"PropertyValueSpecification\",\"valueRequired\":true,\"valueName\":\"search_term_string\"}}],\"inLanguage\":\"en-US\"},{\"@type\":[\"Person\",\"Organization\"],\"@id\":\"https:\/\/raresbesliu.com\/en\/#\/schema\/person\/32073ae00259d039e10c0e01781227c3\",\"name\":\"Besliu Rares\",\"image\":{\"@type\":\"ImageObject\",\"inLanguage\":\"en-US\",\"@id\":\"https:\/\/raresbesliu.com\/en\/#\/schema\/person\/image\/\",\"url\":\"https:\/\/raresbesliu.com\/wp-content\/uploads\/2022\/12\/og-rares-besliu.jpg\",\"contentUrl\":\"https:\/\/raresbesliu.com\/wp-content\/uploads\/2022\/12\/og-rares-besliu.jpg\",\"width\":1200,\"height\":627,\"caption\":\"Besliu Rares\"},\"logo\":{\"@id\":\"https:\/\/raresbesliu.com\/en\/#\/schema\/person\/image\/\"}}]}<\/script>\n<!-- \/ Yoast SEO plugin. -->","yoast_head_json":{"title":"Ram\u0103 neagr\u0103, 50x70 cm - Rare\u0219 Be\u0219liu - Wildlife Photography","robots":{"index":"index","follow":"follow","max-snippet":"max-snippet:-1","max-image-preview":"max-image-preview:large","max-video-preview":"max-video-preview:-1"},"canonical":"https:\/\/raresbesliu.com\/en\/produs\/rama-neagra-50x70-cm\/","og_locale":"en_US","og_type":"article","og_title":"Ram\u0103 neagr\u0103, 50x70 cm - Rare\u0219 Be\u0219liu - Wildlife Photography","og_description":"Se poate suspenda orizontal sau vertical pentru a se potrivi spa\u0163iului disponibil.  Paspartu cu PH neutru; nu va decolora imaginea.  Protec\u0163ie frontal\u0103 din plastic durabil; cadru mai sigur de folosit.","og_url":"https:\/\/raresbesliu.com\/en\/produs\/rama-neagra-50x70-cm\/","og_site_name":"Rare\u0219 Be\u0219liu - Wildlife Photography","article_modified_time":"2025-09-04T12:42:49+00:00","og_image":[{"width":1400,"height":1400,"url":"https:\/\/raresbesliu.com\/wp-content\/uploads\/2024\/07\/edsbruk-rama-vopsit-negru__0723741_pe734158_s5.webp","type":"image\/webp"}],"twitter_card":"summary_large_image","twitter_misc":{"Est. reading time":"1 minute"},"schema":{"@context":"https:\/\/schema.org","@graph":[{"@type":"WebPage","@id":"https:\/\/raresbesliu.com\/en\/produs\/rama-neagra-50x70-cm\/","url":"https:\/\/raresbesliu.com\/en\/produs\/rama-neagra-50x70-cm\/","name":"Ram\u0103 neagr\u0103, 50x70 cm - Rare\u0219 Be\u0219liu - Wildlife Photography","isPartOf":{"@id":"https:\/\/raresbesliu.com\/en\/#website"},"primaryImageOfPage":{"@id":"https:\/\/raresbesliu.com\/en\/produs\/rama-neagra-50x70-cm\/#primaryimage"},"image":{"@id":"https:\/\/raresbesliu.com\/en\/produs\/rama-neagra-50x70-cm\/#primaryimage"},"thumbnailUrl":"https:\/\/raresbesliu.com\/wp-content\/uploads\/2024\/07\/edsbruk-rama-vopsit-negru__0723741_pe734158_s5.webp","datePublished":"2023-03-17T10:05:11+00:00","dateModified":"2025-09-04T12:42:49+00:00","breadcrumb":{"@id":"https:\/\/raresbesliu.com\/en\/produs\/rama-neagra-50x70-cm\/#breadcrumb"},"inLanguage":"en-US","potentialAction":[{"@type":"ReadAction","target":["https:\/\/raresbesliu.com\/en\/produs\/rama-neagra-50x70-cm\/"]}]},{"@type":"ImageObject","inLanguage":"en-US","@id":"https:\/\/raresbesliu.com\/en\/produs\/rama-neagra-50x70-cm\/#primaryimage","url":"https:\/\/raresbesliu.com\/wp-content\/uploads\/2024\/07\/edsbruk-rama-vopsit-negru__0723741_pe734158_s5.webp","contentUrl":"https:\/\/raresbesliu.com\/wp-content\/uploads\/2024\/07\/edsbruk-rama-vopsit-negru__0723741_pe734158_s5.webp","width":1400,"height":1400},{"@type":"BreadcrumbList","@id":"https:\/\/raresbesliu.com\/en\/produs\/rama-neagra-50x70-cm\/#breadcrumb","itemListElement":[{"@type":"ListItem","position":1,"name":"Prima pagin\u0103","item":"https:\/\/raresbesliu.com\/en\/homepage\/"},{"@type":"ListItem","position":2,"name":"Shop","item":"https:\/\/raresbesliu.com\/shop\/"},{"@type":"ListItem","position":3,"name":"Ram\u0103 neagr\u0103, 50&#215;70 cm"}]},{"@type":"WebSite","@id":"https:\/\/raresbesliu.com\/en\/#website","url":"https:\/\/raresbesliu.com\/en\/","name":"Rare\u0219 Be\u0219liu - Wildlife Photograhy","description":"Wildlife Photography by Rare\u0219 Be\u0219liu","publisher":{"@id":"https:\/\/raresbesliu.com\/en\/#\/schema\/person\/32073ae00259d039e10c0e01781227c3"},"potentialAction":[{"@type":"SearchAction","target":{"@type":"EntryPoint","urlTemplate":"https:\/\/raresbesliu.com\/en\/?s={search_term_string}"},"query-input":{"@type":"PropertyValueSpecification","valueRequired":true,"valueName":"search_term_string"}}],"inLanguage":"en-US"},{"@type":["Person","Organization"],"@id":"https:\/\/raresbesliu.com\/en\/#\/schema\/person\/32073ae00259d039e10c0e01781227c3","name":"Besliu Rares","image":{"@type":"ImageObject","inLanguage":"en-US","@id":"https:\/\/raresbesliu.com\/en\/#\/schema\/person\/image\/","url":"https:\/\/raresbesliu.com\/wp-content\/uploads\/2022\/12\/og-rares-besliu.jpg","contentUrl":"https:\/\/raresbesliu.com\/wp-content\/uploads\/2022\/12\/og-rares-besliu.jpg","width":1200,"height":627,"caption":"Besliu Rares"},"logo":{"@id":"https:\/\/raresbesliu.com\/en\/#\/schema\/person\/image\/"}}]}},"_links":{"self":[{"href":"https:\/\/raresbesliu.com\/en\/wp-json\/wp\/v2\/product\/121615","targetHints":{"allow":["GET"]}}],"collection":[{"href":"https:\/\/raresbesliu.com\/en\/wp-json\/wp\/v2\/product"}],"about":[{"href":"https:\/\/raresbesliu.com\/en\/wp-json\/wp\/v2\/types\/product"}],"wp:featuredmedia":[{"embeddable":true,"href":"https:\/\/raresbesliu.com\/en\/wp-json\/wp\/v2\/media\/121620"}],"wp:attachment":[{"href":"https:\/\/raresbesliu.com\/en\/wp-json\/wp\/v2\/media?parent=121615"}],"wp:term":[{"taxonomy":"product_brand","embeddable":true,"href":"https:\/\/raresbesliu.com\/en\/wp-json\/wp\/v2\/product_brand?post=121615"},{"taxonomy":"product_cat","embeddable":true,"href":"https:\/\/raresbesliu.com\/en\/wp-json\/wp\/v2\/product_cat?post=121615"},{"taxonomy":"product_tag","embeddable":true,"href":"https:\/\/raresbesliu.com\/en\/wp-json\/wp\/v2\/product_tag?post=121615"}],"curies":[{"name":"wp","href":"https:\/\/api.w.org\/{rel}","templated":true}]}}