{"id":121058,"date":"2024-05-13T20:31:57","date_gmt":"2024-05-13T18:31:57","guid":{"rendered":"https:\/\/raresbesliu.com\/product\/emotii\/"},"modified":"2023-12-05T15:20:16","modified_gmt":"2023-12-05T13:20:16","slug":"emotii","status":"publish","type":"product","link":"https:\/\/raresbesliu.com\/en\/product\/emotii\/","title":{"rendered":"emo\u021bii"},"content":{"rendered":"<div class=\"wpb-content-wrapper\"><p>[vc_row row_height_percent=&#8221;0&#8243; overlay_alpha=&#8221;50&#8243; gutter_size=&#8221;0&#8243; column_width_percent=&#8221;100&#8243; shift_y=&#8221;0&#8243; z_index=&#8221;0&#8243; uncode_shortcode_id=&#8221;118223&#8243;][vc_column column_width_percent=&#8221;100&#8243; gutter_size=&#8221;0&#8243; override_padding=&#8221;yes&#8221; column_padding=&#8221;0&#8243; overlay_alpha=&#8221;50&#8243; shift_x=&#8221;0&#8243; shift_y=&#8221;0&#8243; shift_y_down=&#8221;0&#8243; z_index=&#8221;0&#8243; medium_width=&#8221;0&#8243; mobile_width=&#8221;0&#8243; width=&#8221;1\/1&#8243; uncode_shortcode_id=&#8221;130118&#8243;][vc_column_text uncode_shortcode_id=&#8221;187197&#8243;]Language: Romanian | English<br \/>\nRelease year: 2023<br \/>\nPages: 300<br \/>\nPhotos: 151<br \/>\nFormat: 326 x 264mm<br \/>\nCover: Hardcover<br \/>\nISBN: 978-973-0-39233-3<br \/>\nMade in Romania<br \/>\nForeword by G\u00e1sp\u00e1r Gy\u00f6rgy[\/vc_column_text][\/vc_column][\/vc_row]<\/p>\n<\/div>","protected":false},"excerpt":{"rendered":"<p>This is a photo album about your emotions when you look at the images, the emotions of the souls in them, my emotions when I am near the animals.<\/p>\n<p>From courage to fear, from jealousy to love &#8211; we all have these feelings, as long as we allow ourselves to experience them. Animals don\u2019t blush, their paws don\u2019t sweat, they don\u2019t get wrinkles and can\u2019t cry \u201cI miss you\u201d. But anyone with a good eye will, nevertheless, see how different they quarrel, fluff their feathers, dance, put out their claws, show their teeth, exchange gifts, bark, scream or howl.<\/p>\n<p>You don\u2019t need to be a specialist to see the hope in the eyes of the bear, the fear of the ground squirrel, the care of the great crested grebe mother or the shyness of the little egret. They brought me the peace and joy of being with them for hours, and you only need a moment to watch them.<\/p>\n<p>I will show you how to love animals. I will make you admire the flight of birds. You will open your eyes wide and see things unseen yet!<\/p>\n<p style=\"text-align: center;\"><em><strong>Believing that animals don\u2019t have feelings is like believing that we are the only ones on this Planet.<\/strong><\/em><\/p>\n<p><strong>Order now with 20% discount!<\/strong><br \/>\nYou\u2019ll have the book at the beginning of December.<\/p>\n","protected":false},"featured_media":121004,"template":"","meta":[],"product_brand":[],"product_cat":[183],"product_tag":[],"class_list":{"0":"post-121058","1":"product","2":"type-product","3":"status-publish","4":"has-post-thumbnail","6":"product_cat-photo-albums","8":"first","9":"instock","10":"taxable","11":"shipping-taxable","12":"purchasable","13":"product-type-simple"},"yoast_head":"<!-- This site is optimized with the Yoast SEO plugin v25.8 - https:\/\/yoast.com\/wordpress\/plugins\/seo\/ -->\n<title>emo\u021bii - Photo album - Rare\u0219 Be\u0219liu<\/title>\n<meta name=\"description\" content=\"A photographic album about your emotions when looking at images, the emotions of the souls in them, my emotions when in front of animals.\" \/>\n<meta name=\"robots\" content=\"index, follow, max-snippet:-1, max-image-preview:large, max-video-preview:-1\" \/>\n<link rel=\"canonical\" href=\"https:\/\/raresbesliu.com\/en\/product\/emotii\/\" \/>\n<meta property=\"og:locale\" content=\"en_US\" \/>\n<meta property=\"og:type\" content=\"article\" \/>\n<meta property=\"og:title\" content=\"emo\u021bii - Photo album - Rare\u0219 Be\u0219liu\" \/>\n<meta property=\"og:description\" content=\"A photographic album about your emotions when looking at images, the emotions of the souls in them, my emotions when in front of animals.\" \/>\n<meta property=\"og:url\" content=\"https:\/\/raresbesliu.com\/en\/product\/emotii\/\" \/>\n<meta property=\"og:site_name\" content=\"Rare\u0219 Be\u0219liu - Wildlife Photography\" \/>\n<meta property=\"og:image\" content=\"https:\/\/raresbesliu.com\/wp-content\/uploads\/2023\/11\/emotii-cover-v4.jpg\" \/>\n\t<meta property=\"og:image:width\" content=\"2336\" \/>\n\t<meta property=\"og:image:height\" content=\"2336\" \/>\n\t<meta property=\"og:image:type\" content=\"image\/jpeg\" \/>\n<meta name=\"twitter:card\" content=\"summary_large_image\" \/>\n<meta name=\"twitter:label1\" content=\"Est. reading time\" \/>\n\t<meta name=\"twitter:data1\" content=\"1 minute\" \/>\n<script type=\"application\/ld+json\" class=\"yoast-schema-graph\">{\"@context\":\"https:\/\/schema.org\",\"@graph\":[{\"@type\":\"WebPage\",\"@id\":\"https:\/\/raresbesliu.com\/en\/product\/emotii\/\",\"url\":\"https:\/\/raresbesliu.com\/en\/product\/emotii\/\",\"name\":\"emo\u021bii - Photo album - Rare\u0219 Be\u0219liu\",\"isPartOf\":{\"@id\":\"https:\/\/raresbesliu.com\/en\/#website\"},\"primaryImageOfPage\":{\"@id\":\"https:\/\/raresbesliu.com\/en\/product\/emotii\/#primaryimage\"},\"image\":{\"@id\":\"https:\/\/raresbesliu.com\/en\/product\/emotii\/#primaryimage\"},\"thumbnailUrl\":\"https:\/\/raresbesliu.com\/wp-content\/uploads\/2023\/11\/emotii-cover-v4.jpg\",\"datePublished\":\"2024-05-13T18:31:57+00:00\",\"description\":\"A photographic album about your emotions when looking at images, the emotions of the souls in them, my emotions when in front of animals.\",\"breadcrumb\":{\"@id\":\"https:\/\/raresbesliu.com\/en\/product\/emotii\/#breadcrumb\"},\"inLanguage\":\"en-US\",\"potentialAction\":[{\"@type\":\"ReadAction\",\"target\":[\"https:\/\/raresbesliu.com\/en\/product\/emotii\/\"]}]},{\"@type\":\"ImageObject\",\"inLanguage\":\"en-US\",\"@id\":\"https:\/\/raresbesliu.com\/en\/product\/emotii\/#primaryimage\",\"url\":\"https:\/\/raresbesliu.com\/wp-content\/uploads\/2023\/11\/emotii-cover-v4.jpg\",\"contentUrl\":\"https:\/\/raresbesliu.com\/wp-content\/uploads\/2023\/11\/emotii-cover-v4.jpg\",\"width\":2336,\"height\":2336},{\"@type\":\"BreadcrumbList\",\"@id\":\"https:\/\/raresbesliu.com\/en\/product\/emotii\/#breadcrumb\",\"itemListElement\":[{\"@type\":\"ListItem\",\"position\":1,\"name\":\"Prima pagin\u0103\",\"item\":\"https:\/\/raresbesliu.com\/en\/homepage\/\"},{\"@type\":\"ListItem\",\"position\":2,\"name\":\"Shop\",\"item\":\"https:\/\/raresbesliu.com\/shop\/\"},{\"@type\":\"ListItem\",\"position\":3,\"name\":\"emo\u021bii\"}]},{\"@type\":\"WebSite\",\"@id\":\"https:\/\/raresbesliu.com\/en\/#website\",\"url\":\"https:\/\/raresbesliu.com\/en\/\",\"name\":\"Rare\u0219 Be\u0219liu - Wildlife Photograhy\",\"description\":\"Wildlife Photography by Rare\u0219 Be\u0219liu\",\"publisher\":{\"@id\":\"https:\/\/raresbesliu.com\/en\/#\/schema\/person\/32073ae00259d039e10c0e01781227c3\"},\"potentialAction\":[{\"@type\":\"SearchAction\",\"target\":{\"@type\":\"EntryPoint\",\"urlTemplate\":\"https:\/\/raresbesliu.com\/en\/?s={search_term_string}\"},\"query-input\":{\"@type\":\"PropertyValueSpecification\",\"valueRequired\":true,\"valueName\":\"search_term_string\"}}],\"inLanguage\":\"en-US\"},{\"@type\":[\"Person\",\"Organization\"],\"@id\":\"https:\/\/raresbesliu.com\/en\/#\/schema\/person\/32073ae00259d039e10c0e01781227c3\",\"name\":\"Besliu Rares\",\"image\":{\"@type\":\"ImageObject\",\"inLanguage\":\"en-US\",\"@id\":\"https:\/\/raresbesliu.com\/en\/#\/schema\/person\/image\/\",\"url\":\"https:\/\/raresbesliu.com\/wp-content\/uploads\/2022\/12\/og-rares-besliu.jpg\",\"contentUrl\":\"https:\/\/raresbesliu.com\/wp-content\/uploads\/2022\/12\/og-rares-besliu.jpg\",\"width\":1200,\"height\":627,\"caption\":\"Besliu Rares\"},\"logo\":{\"@id\":\"https:\/\/raresbesliu.com\/en\/#\/schema\/person\/image\/\"}}]}<\/script>\n<!-- \/ Yoast SEO plugin. -->","yoast_head_json":{"title":"emo\u021bii - Photo album - Rare\u0219 Be\u0219liu","description":"A photographic album about your emotions when looking at images, the emotions of the souls in them, my emotions when in front of animals.","robots":{"index":"index","follow":"follow","max-snippet":"max-snippet:-1","max-image-preview":"max-image-preview:large","max-video-preview":"max-video-preview:-1"},"canonical":"https:\/\/raresbesliu.com\/en\/product\/emotii\/","og_locale":"en_US","og_type":"article","og_title":"emo\u021bii - Photo album - Rare\u0219 Be\u0219liu","og_description":"A photographic album about your emotions when looking at images, the emotions of the souls in them, my emotions when in front of animals.","og_url":"https:\/\/raresbesliu.com\/en\/product\/emotii\/","og_site_name":"Rare\u0219 Be\u0219liu - Wildlife Photography","og_image":[{"width":2336,"height":2336,"url":"https:\/\/raresbesliu.com\/wp-content\/uploads\/2023\/11\/emotii-cover-v4.jpg","type":"image\/jpeg"}],"twitter_card":"summary_large_image","twitter_misc":{"Est. reading time":"1 minute"},"schema":{"@context":"https:\/\/schema.org","@graph":[{"@type":"WebPage","@id":"https:\/\/raresbesliu.com\/en\/product\/emotii\/","url":"https:\/\/raresbesliu.com\/en\/product\/emotii\/","name":"emo\u021bii - Photo album - Rare\u0219 Be\u0219liu","isPartOf":{"@id":"https:\/\/raresbesliu.com\/en\/#website"},"primaryImageOfPage":{"@id":"https:\/\/raresbesliu.com\/en\/product\/emotii\/#primaryimage"},"image":{"@id":"https:\/\/raresbesliu.com\/en\/product\/emotii\/#primaryimage"},"thumbnailUrl":"https:\/\/raresbesliu.com\/wp-content\/uploads\/2023\/11\/emotii-cover-v4.jpg","datePublished":"2024-05-13T18:31:57+00:00","description":"A photographic album about your emotions when looking at images, the emotions of the souls in them, my emotions when in front of animals.","breadcrumb":{"@id":"https:\/\/raresbesliu.com\/en\/product\/emotii\/#breadcrumb"},"inLanguage":"en-US","potentialAction":[{"@type":"ReadAction","target":["https:\/\/raresbesliu.com\/en\/product\/emotii\/"]}]},{"@type":"ImageObject","inLanguage":"en-US","@id":"https:\/\/raresbesliu.com\/en\/product\/emotii\/#primaryimage","url":"https:\/\/raresbesliu.com\/wp-content\/uploads\/2023\/11\/emotii-cover-v4.jpg","contentUrl":"https:\/\/raresbesliu.com\/wp-content\/uploads\/2023\/11\/emotii-cover-v4.jpg","width":2336,"height":2336},{"@type":"BreadcrumbList","@id":"https:\/\/raresbesliu.com\/en\/product\/emotii\/#breadcrumb","itemListElement":[{"@type":"ListItem","position":1,"name":"Prima pagin\u0103","item":"https:\/\/raresbesliu.com\/en\/homepage\/"},{"@type":"ListItem","position":2,"name":"Shop","item":"https:\/\/raresbesliu.com\/shop\/"},{"@type":"ListItem","position":3,"name":"emo\u021bii"}]},{"@type":"WebSite","@id":"https:\/\/raresbesliu.com\/en\/#website","url":"https:\/\/raresbesliu.com\/en\/","name":"Rare\u0219 Be\u0219liu - Wildlife Photograhy","description":"Wildlife Photography by Rare\u0219 Be\u0219liu","publisher":{"@id":"https:\/\/raresbesliu.com\/en\/#\/schema\/person\/32073ae00259d039e10c0e01781227c3"},"potentialAction":[{"@type":"SearchAction","target":{"@type":"EntryPoint","urlTemplate":"https:\/\/raresbesliu.com\/en\/?s={search_term_string}"},"query-input":{"@type":"PropertyValueSpecification","valueRequired":true,"valueName":"search_term_string"}}],"inLanguage":"en-US"},{"@type":["Person","Organization"],"@id":"https:\/\/raresbesliu.com\/en\/#\/schema\/person\/32073ae00259d039e10c0e01781227c3","name":"Besliu Rares","image":{"@type":"ImageObject","inLanguage":"en-US","@id":"https:\/\/raresbesliu.com\/en\/#\/schema\/person\/image\/","url":"https:\/\/raresbesliu.com\/wp-content\/uploads\/2022\/12\/og-rares-besliu.jpg","contentUrl":"https:\/\/raresbesliu.com\/wp-content\/uploads\/2022\/12\/og-rares-besliu.jpg","width":1200,"height":627,"caption":"Besliu Rares"},"logo":{"@id":"https:\/\/raresbesliu.com\/en\/#\/schema\/person\/image\/"}}]}},"_links":{"self":[{"href":"https:\/\/raresbesliu.com\/en\/wp-json\/wp\/v2\/product\/121058","targetHints":{"allow":["GET"]}}],"collection":[{"href":"https:\/\/raresbesliu.com\/en\/wp-json\/wp\/v2\/product"}],"about":[{"href":"https:\/\/raresbesliu.com\/en\/wp-json\/wp\/v2\/types\/product"}],"wp:featuredmedia":[{"embeddable":true,"href":"https:\/\/raresbesliu.com\/en\/wp-json\/wp\/v2\/media\/121004"}],"wp:attachment":[{"href":"https:\/\/raresbesliu.com\/en\/wp-json\/wp\/v2\/media?parent=121058"}],"wp:term":[{"taxonomy":"product_brand","embeddable":true,"href":"https:\/\/raresbesliu.com\/en\/wp-json\/wp\/v2\/product_brand?post=121058"},{"taxonomy":"product_cat","embeddable":true,"href":"https:\/\/raresbesliu.com\/en\/wp-json\/wp\/v2\/product_cat?post=121058"},{"taxonomy":"product_tag","embeddable":true,"href":"https:\/\/raresbesliu.com\/en\/wp-json\/wp\/v2\/product_tag?post=121058"}],"curies":[{"name":"wp","href":"https:\/\/api.w.org\/{rel}","templated":true}]}}