{"id":121053,"date":"2023-11-02T10:33:47","date_gmt":"2023-11-02T08:33:47","guid":{"rendered":"https:\/\/raresbesliu.com\/emotii\/"},"modified":"2023-12-04T21:14:24","modified_gmt":"2023-12-04T19:14:24","slug":"emotii","status":"publish","type":"page","link":"https:\/\/raresbesliu.com\/en\/emotii\/","title":{"rendered":"Emotii"},"content":{"rendered":"<div class=\"wpb-content-wrapper\"><p>[vc_row row_height_percent=&#8221;0&#8243; override_padding=&#8221;yes&#8221; h_padding=&#8221;2&#8243; top_padding=&#8221;4&#8243; bottom_padding=&#8221;1&#8243; back_color=&#8221;color-xsdn&#8221; overlay_alpha=&#8221;50&#8243; gutter_size=&#8221;3&#8243; column_width_percent=&#8221;100&#8243; shift_y=&#8221;0&#8243; z_index=&#8221;0&#8243; top_divider=&#8221;step_2_3&#8243; uncode_shortcode_id=&#8221;755419&#8243; back_color_type=&#8221;uncode-palette&#8221;][vc_column column_width_percent=&#8221;100&#8243; position_vertical=&#8221;middle&#8221; gutter_size=&#8221;4&#8243; overlay_alpha=&#8221;50&#8243; shift_x=&#8221;0&#8243; shift_y=&#8221;0&#8243; shift_y_down=&#8221;0&#8243; z_index=&#8221;0&#8243; medium_width=&#8221;0&#8243; mobile_width=&#8221;0&#8243; css_animation=&#8221;alpha-anim&#8221; animation_speed=&#8221;1000&#8243; width=&#8221;1\/1&#8243; uncode_shortcode_id=&#8221;203723&#8243;][vc_row_inner row_inner_height_percent=&#8221;0&#8243; overlay_alpha=&#8221;50&#8243; gutter_size=&#8221;3&#8243; shift_y=&#8221;0&#8243; z_index=&#8221;2&#8243; limit_content=&#8221;&#8221;][vc_column_inner column_width_percent=&#8221;100&#8243; gutter_size=&#8221;3&#8243; overlay_alpha=&#8221;50&#8243; shift_x=&#8221;0&#8243; shift_y=&#8221;0&#8243; shift_y_down=&#8221;0&#8243; z_index=&#8221;0&#8243; medium_width=&#8221;0&#8243; mobile_width=&#8221;0&#8243; width=&#8221;1\/1&#8243; uncode_shortcode_id=&#8221;639833&#8243;][vc_custom_heading text_size=&#8221;fontsize-739966&#8243; sub_lead=&#8221;yes&#8221; sub_reduced=&#8221;yes&#8221; css_animation=&#8221;curtain-words&#8221; animation_speed=&#8221;800&#8243; uncode_shortcode_id=&#8221;719615&#8243; text_color_type=&#8221;uncode-solid&#8221; text_color_solid=&#8221;#384575&#8243;]emo\u021bii[\/vc_custom_heading][\/vc_column_inner][\/vc_row_inner][vc_row_inner row_inner_height_percent=&#8221;0&#8243; overlay_alpha=&#8221;50&#8243; gutter_size=&#8221;3&#8243; shift_y=&#8221;1&#8243; z_index=&#8221;0&#8243; inverted_device_order=&#8221;yes&#8221; limit_content=&#8221;&#8221; uncode_shortcode_id=&#8221;542910&#8243;][vc_column_inner column_width_percent=&#8221;100&#8243; gutter_size=&#8221;4&#8243; overlay_alpha=&#8221;50&#8243; shift_x=&#8221;0&#8243; shift_y=&#8221;-5&#8243; shift_y_down=&#8221;0&#8243; z_index=&#8221;0&#8243; medium_width=&#8221;4&#8243; mobile_width=&#8221;0&#8243; css_animation=&#8221;zoom-in&#8221; animation_speed=&#8221;1000&#8243; width=&#8221;2\/3&#8243; uncode_shortcode_id=&#8221;237066&#8243;][vc_single_image media=&#8221;120998&#8243; media_poster=&#8221;yes&#8221; media_width_percent=&#8221;100&#8243; css_animation=&#8221;parallax&#8221; parallax_intensity=&#8221;2&#8243; parallax_centered=&#8221;yes&#8221; uncode_shortcode_id=&#8221;201711&#8243;][\/vc_column_inner][vc_column_inner column_width_percent=&#8221;100&#8243; gutter_size=&#8221;3&#8243; overlay_alpha=&#8221;50&#8243; shift_x=&#8221;0&#8243; shift_y=&#8221;0&#8243; shift_y_down=&#8221;0&#8243; z_index=&#8221;0&#8243; medium_width=&#8221;4&#8243; mobile_width=&#8221;0&#8243; parallax_intensity=&#8221;2&#8243; width=&#8221;1\/3&#8243; uncode_shortcode_id=&#8221;174397&#8243;][vc_custom_heading text_color=&#8221;color-wvjs&#8221; heading_semantic=&#8221;p&#8221; text_size=&#8221;h4&#8243; text_height=&#8221;fontheight-524109&#8243; css_animation=&#8221;curtain&#8221; animation_speed=&#8221;800&#8243; animation_delay=&#8221;400&#8243; uncode_shortcode_id=&#8221;191548&#8243; text_color_type=&#8221;uncode-palette&#8221;]This is a photo album about your emotions when you look at the images, the emotions of the souls in them, my emotions when I am near the animals.[\/vc_custom_heading][vc_empty_space empty_h=&#8221;3&#8243; desktop_visibility=&#8221;yes&#8221; mobile_visibility=&#8221;yes&#8221;][vc_empty_space empty_h=&#8221;1&#8243;][vc_column_text uncode_shortcode_id=&#8221;159920&#8243; text_color_type=&#8221;uncode-solid&#8221; text_color_solid=&#8221;#384575&#8243; css=&#8221;.vc_custom_1699187341687{margin-top: 0px !important;margin-bottom: 0px !important;}&#8221;]<span style=\"font-weight: bold;\">Order now with 20% discount!<\/span><br \/>\nYou\u2019ll have the book at the beginning of December.[\/vc_column_text][vc_empty_space empty_h=&#8221;1&#8243;][vc_button border_width=&#8221;0&#8243; css_animation=&#8221;bottom-t-top&#8221; button_color_type=&#8221;uncode-solid&#8221; button_color_solid=&#8221;#384575&#8243; uncode_shortcode_id=&#8221;126440&#8243; link=&#8221;url:https%3A%2F%2Fraresbesliu.com%2Fen%2Fproduct%2Femotii%2F|title:emo%C8%9Bii&#8221;]Early bird &#8211; 49,80\u20ac[\/vc_button][\/vc_column_inner][\/vc_row_inner][uncode_vertical_text text_align=&#8221;top&#8221; position=&#8221;right&#8221; flip=&#8221;yes&#8221; vertical_text_h_pos=&#8221;3&#8243; vertical_text_v_pos=&#8221;2&#8243; z_index=&#8221;0&#8243; text_size=&#8221;h5&#8243; text_space=&#8221;fontspace-210350&#8243; mobile_visibility=&#8221;yes&#8221; uncode_shortcode_id=&#8221;175252&#8243;]\u2e3b <strong>Rare\u0219 Be\u0219liu<\/strong>[\/uncode_vertical_text][\/vc_column][\/vc_row][vc_row row_height_percent=&#8221;0&#8243; override_padding=&#8221;yes&#8221; h_padding=&#8221;2&#8243; top_padding=&#8221;2&#8243; bottom_padding=&#8221;2&#8243; overlay_alpha=&#8221;50&#8243; gutter_size=&#8221;3&#8243; column_width_percent=&#8221;100&#8243; shift_y=&#8221;0&#8243; z_index=&#8221;0&#8243; uncode_shortcode_id=&#8221;142170&#8243; el_id=&#8221;works&#8221;][vc_column column_width_use_pixel=&#8221;yes&#8221; gutter_size=&#8221;3&#8243; overlay_alpha=&#8221;50&#8243; shift_x=&#8221;0&#8243; shift_y=&#8221;0&#8243; shift_y_down=&#8221;0&#8243; z_index=&#8221;0&#8243; medium_width=&#8221;0&#8243; mobile_width=&#8221;0&#8243; width=&#8221;1\/1&#8243; column_width_pixel=&#8221;650&#8243; uncode_shortcode_id=&#8221;135194&#8243;][vc_column_text text_lead=&#8221;yes&#8221; text_color=&#8221;color-prif&#8221; uncode_shortcode_id=&#8221;822471&#8243; text_color_type=&#8221;uncode-palette&#8221;]From courage to fear, from jealousy to love &#8211; we all have these feelings, as long as we allow ourselves to experience them. Animals don\u2019t blush, their paws don\u2019t sweat, they don\u2019t get wrinkles and can\u2019t cry \u201cI miss you\u201d. But anyone with a good eye will, nevertheless, see how different they quarrel, fluff their feathers, dance, put out their claws, show their teeth, exchange gifts, bark, scream or howl.[\/vc_column_text][vc_column_text text_lead=&#8221;yes&#8221; text_color=&#8221;color-prif&#8221; uncode_shortcode_id=&#8221;719527&#8243; text_color_type=&#8221;uncode-palette&#8221;]You don\u2019t need to be a specialist to see the hope in the eyes of the bear, the fear of the ground squirrel, the care of the great crested grebe mother or the shyness of the little egret. They brought me the peace and joy of being with them for hours, and you only need a moment to watch them.[\/vc_column_text][vc_column_text text_lead=&#8221;yes&#8221; text_color=&#8221;color-prif&#8221; uncode_shortcode_id=&#8221;953606&#8243; text_color_type=&#8221;uncode-palette&#8221;]I will show you how to love animals. I will make you admire the flight of birds. You will open your eyes wide and see things unseen yet![\/vc_column_text][\/vc_column][\/vc_row][vc_row row_height_percent=&#8221;0&#8243; override_padding=&#8221;yes&#8221; h_padding=&#8221;2&#8243; top_padding=&#8221;2&#8243; bottom_padding=&#8221;3&#8243; overlay_alpha=&#8221;50&#8243; gutter_size=&#8221;3&#8243; column_width_percent=&#8221;100&#8243; shift_y=&#8221;0&#8243; z_index=&#8221;0&#8243; uncode_shortcode_id=&#8221;140959&#8243;][vc_column column_width_percent=&#8221;100&#8243; position_vertical=&#8221;middle&#8221; align_horizontal=&#8221;align_center&#8221; gutter_size=&#8221;2&#8243; overlay_alpha=&#8221;50&#8243; shift_x=&#8221;0&#8243; shift_y=&#8221;0&#8243; shift_y_down=&#8221;0&#8243; z_index=&#8221;0&#8243; medium_width=&#8221;0&#8243; mobile_width=&#8221;0&#8243; width=&#8221;1\/1&#8243; uncode_shortcode_id=&#8221;139080&#8243;][vc_gallery el_id=&#8221;gallery-131166&#8243; type=&#8221;carousel&#8221; medias=&#8221;121016,121014,121012,121010,121008,121006&#8243; carousel_lg=&#8221;1&#8243; carousel_md=&#8221;1&#8243; carousel_sm=&#8221;1&#8243; gutter_size=&#8221;3&#8243; carousel_v_align=&#8221;middle&#8221; carousel_interval=&#8221;3000&#8243; carousel_navspeed=&#8221;400&#8243; carousel_dots=&#8221;yes&#8221; carousel_dots_mobile=&#8221;yes&#8221; carousel_dots_inside=&#8221;yes&#8221; carousel_dot_padding=&#8221;2&#8243; stage_padding=&#8221;0&#8243; single_overlay_opacity=&#8221;1&#8243; single_padding=&#8221;2&#8243; single_border=&#8221;yes&#8221; uncode_shortcode_id=&#8221;558152&#8243;][\/vc_column][\/vc_row][vc_row row_height_percent=&#8221;50&#8243; override_padding=&#8221;yes&#8221; h_padding=&#8221;2&#8243; top_padding=&#8221;4&#8243; bottom_padding=&#8221;4&#8243; back_color=&#8221;color-gyho&#8221; overlay_alpha=&#8221;50&#8243; gutter_size=&#8221;3&#8243; column_width_percent=&#8221;100&#8243; shift_y=&#8221;0&#8243; z_index=&#8221;0&#8243; uncode_shortcode_id=&#8221;603099&#8243; back_color_type=&#8221;uncode-palette&#8221;][vc_column column_width_use_pixel=&#8221;yes&#8221; position_vertical=&#8221;middle&#8221; align_horizontal=&#8221;align_center&#8221; gutter_size=&#8221;3&#8243; style=&#8221;light&#8221; overlay_alpha=&#8221;50&#8243; shift_x=&#8221;0&#8243; shift_y=&#8221;0&#8243; shift_y_down=&#8221;0&#8243; z_index=&#8221;0&#8243; medium_width=&#8221;0&#8243; mobile_width=&#8221;0&#8243; width=&#8221;1\/1&#8243; column_width_pixel=&#8221;800&#8243; uncode_shortcode_id=&#8221;599745&#8243;][vc_custom_heading heading_semantic=&#8221;h3&#8243; text_size=&#8221;h1&#8243; uncode_shortcode_id=&#8221;344464&#8243;]Believing that animals don\u2019t have feelings is like believing that we are the only ones on this Planet.[\/vc_custom_heading][vc_button size=&#8221;btn-lg&#8221; border_width=&#8221;0&#8243; link=&#8221;url:https%3A%2F%2Fraresbesliu.com%2Fen%2F%3Fpost_type%3Dproduct%26p%3D120992|title:Brown%20bear%20%7C%20Print|&#8221; button_color_type=&#8221;uncode-solid&#8221; button_color_solid=&#8221;#384575&#8243; uncode_shortcode_id=&#8221;129917&#8243;]Pre-order &#8211; 249 RON[\/vc_button][\/vc_column][\/vc_row][vc_row row_height_percent=&#8221;0&#8243; override_padding=&#8221;yes&#8221; h_padding=&#8221;2&#8243; top_padding=&#8221;3&#8243; bottom_padding=&#8221;4&#8243; overlay_alpha=&#8221;50&#8243; gutter_size=&#8221;3&#8243; column_width_percent=&#8221;100&#8243; shift_y=&#8221;0&#8243; z_index=&#8221;0&#8243; uncode_shortcode_id=&#8221;402703&#8243; el_id=&#8221;works&#8221;][vc_column column_width_use_pixel=&#8221;yes&#8221; gutter_size=&#8221;3&#8243; overlay_alpha=&#8221;50&#8243; shift_x=&#8221;0&#8243; shift_y=&#8221;0&#8243; shift_y_down=&#8221;0&#8243; z_index=&#8221;0&#8243; medium_width=&#8221;0&#8243; align_mobile=&#8221;align_center_mobile&#8221; mobile_width=&#8221;0&#8243; width=&#8221;1\/1&#8243; column_width_pixel=&#8221;650&#8243; uncode_shortcode_id=&#8221;102896&#8243;][vc_column_text text_lead=&#8221;yes&#8221; text_color=&#8221;color-prif&#8221; uncode_shortcode_id=&#8221;162970&#8243; text_color_type=&#8221;uncode-palette&#8221;]<strong>Details<\/strong><\/p>\n<p>Language: Romanian | English<br \/>\nRelease year: 2023<br \/>\nPages: 300<br \/>\nPhotos: 151<br \/>\nFormat: 320 x 257mm<br \/>\nCover: Hardcover<br \/>\nISBN: 978-973-0-39233-3<br \/>\nMade in Romania<br \/>\nForeword by G\u00e1sp\u00e1r Gy\u00f6rgy[\/vc_column_text][\/vc_column][\/vc_row]<\/p>\n<\/div>","protected":false},"excerpt":{"rendered":"<p>[vc_row row_height_percent=&#8221;0&#8243; override_padding=&#8221;yes&#8221; h_padding=&#8221;2&#8243; top_padding=&#8221;4&#8243; bottom_padding=&#8221;1&#8243; back_color=&#8221;color-xsdn&#8221; overlay_alpha=&#8221;50&#8243; gutter_size=&#8221;3&#8243; column_width_percent=&#8221;100&#8243; shift_y=&#8221;0&#8243; z_index=&#8221;0&#8243; top_divider=&#8221;step_2_3&#8243; uncode_shortcode_id=&#8221;755419&#8243; back_color_type=&#8221;uncode-palette&#8221;][vc_column column_width_percent=&#8221;100&#8243; position_vertical=&#8221;middle&#8221; gutter_size=&#8221;4&#8243; overlay_alpha=&#8221;50&#8243; shift_x=&#8221;0&#8243; [&hellip;]<\/p>\n","protected":false},"author":1,"featured_media":0,"parent":0,"menu_order":0,"comment_status":"closed","ping_status":"closed","template":"","meta":{"footnotes":""},"class_list":["post-121053","page","type-page","status-publish","hentry"],"yoast_head":"<!-- This site is optimized with the Yoast SEO plugin v25.8 - https:\/\/yoast.com\/wordpress\/plugins\/seo\/ -->\n<title>Emotii - Rare\u0219 Be\u0219liu - Wildlife Photography<\/title>\n<meta name=\"robots\" content=\"index, follow, max-snippet:-1, max-image-preview:large, max-video-preview:-1\" \/>\n<link rel=\"canonical\" href=\"https:\/\/raresbesliu.com\/en\/emotii\/\" \/>\n<meta property=\"og:locale\" content=\"en_US\" \/>\n<meta property=\"og:type\" content=\"article\" \/>\n<meta property=\"og:title\" content=\"Emotii - Rare\u0219 Be\u0219liu - Wildlife Photography\" \/>\n<meta property=\"og:description\" content=\"[vc_row row_height_percent=&#8221;0&#8243; override_padding=&#8221;yes&#8221; h_padding=&#8221;2&#8243; top_padding=&#8221;4&#8243; bottom_padding=&#8221;1&#8243; back_color=&#8221;color-xsdn&#8221; overlay_alpha=&#8221;50&#8243; gutter_size=&#8221;3&#8243; column_width_percent=&#8221;100&#8243; shift_y=&#8221;0&#8243; z_index=&#8221;0&#8243; top_divider=&#8221;step_2_3&#8243; uncode_shortcode_id=&#8221;755419&#8243; back_color_type=&#8221;uncode-palette&#8221;][vc_column column_width_percent=&#8221;100&#8243; position_vertical=&#8221;middle&#8221; gutter_size=&#8221;4&#8243; overlay_alpha=&#8221;50&#8243; shift_x=&#8221;0&#8243; [&hellip;]\" \/>\n<meta property=\"og:url\" content=\"https:\/\/raresbesliu.com\/en\/emotii\/\" \/>\n<meta property=\"og:site_name\" content=\"Rare\u0219 Be\u0219liu - Wildlife Photography\" \/>\n<meta property=\"article:modified_time\" content=\"2023-12-04T19:14:24+00:00\" \/>\n<meta name=\"twitter:card\" content=\"summary_large_image\" \/>\n<meta name=\"twitter:label1\" content=\"Est. reading time\" \/>\n\t<meta name=\"twitter:data1\" content=\"6 minutes\" \/>\n<script type=\"application\/ld+json\" class=\"yoast-schema-graph\">{\"@context\":\"https:\/\/schema.org\",\"@graph\":[{\"@type\":\"WebPage\",\"@id\":\"https:\/\/raresbesliu.com\/en\/emotii\/\",\"url\":\"https:\/\/raresbesliu.com\/en\/emotii\/\",\"name\":\"Emotii - Rare\u0219 Be\u0219liu - Wildlife Photography\",\"isPartOf\":{\"@id\":\"https:\/\/raresbesliu.com\/en\/#website\"},\"datePublished\":\"2023-11-02T08:33:47+00:00\",\"dateModified\":\"2023-12-04T19:14:24+00:00\",\"breadcrumb\":{\"@id\":\"https:\/\/raresbesliu.com\/en\/emotii\/#breadcrumb\"},\"inLanguage\":\"en-US\",\"potentialAction\":[{\"@type\":\"ReadAction\",\"target\":[\"https:\/\/raresbesliu.com\/en\/emotii\/\"]}]},{\"@type\":\"BreadcrumbList\",\"@id\":\"https:\/\/raresbesliu.com\/en\/emotii\/#breadcrumb\",\"itemListElement\":[{\"@type\":\"ListItem\",\"position\":1,\"name\":\"Prima pagin\u0103\",\"item\":\"https:\/\/raresbesliu.com\/en\/homepage\/\"},{\"@type\":\"ListItem\",\"position\":2,\"name\":\"Emotii\"}]},{\"@type\":\"WebSite\",\"@id\":\"https:\/\/raresbesliu.com\/en\/#website\",\"url\":\"https:\/\/raresbesliu.com\/en\/\",\"name\":\"Rare\u0219 Be\u0219liu - Wildlife Photograhy\",\"description\":\"Wildlife Photography by Rare\u0219 Be\u0219liu\",\"publisher\":{\"@id\":\"https:\/\/raresbesliu.com\/en\/#\/schema\/person\/32073ae00259d039e10c0e01781227c3\"},\"potentialAction\":[{\"@type\":\"SearchAction\",\"target\":{\"@type\":\"EntryPoint\",\"urlTemplate\":\"https:\/\/raresbesliu.com\/en\/?s={search_term_string}\"},\"query-input\":{\"@type\":\"PropertyValueSpecification\",\"valueRequired\":true,\"valueName\":\"search_term_string\"}}],\"inLanguage\":\"en-US\"},{\"@type\":[\"Person\",\"Organization\"],\"@id\":\"https:\/\/raresbesliu.com\/en\/#\/schema\/person\/32073ae00259d039e10c0e01781227c3\",\"name\":\"Besliu Rares\",\"image\":{\"@type\":\"ImageObject\",\"inLanguage\":\"en-US\",\"@id\":\"https:\/\/raresbesliu.com\/en\/#\/schema\/person\/image\/\",\"url\":\"https:\/\/raresbesliu.com\/wp-content\/uploads\/2022\/12\/og-rares-besliu.jpg\",\"contentUrl\":\"https:\/\/raresbesliu.com\/wp-content\/uploads\/2022\/12\/og-rares-besliu.jpg\",\"width\":1200,\"height\":627,\"caption\":\"Besliu Rares\"},\"logo\":{\"@id\":\"https:\/\/raresbesliu.com\/en\/#\/schema\/person\/image\/\"}}]}<\/script>\n<!-- \/ Yoast SEO plugin. -->","yoast_head_json":{"title":"Emotii - Rare\u0219 Be\u0219liu - Wildlife Photography","robots":{"index":"index","follow":"follow","max-snippet":"max-snippet:-1","max-image-preview":"max-image-preview:large","max-video-preview":"max-video-preview:-1"},"canonical":"https:\/\/raresbesliu.com\/en\/emotii\/","og_locale":"en_US","og_type":"article","og_title":"Emotii - Rare\u0219 Be\u0219liu - Wildlife Photography","og_description":"[vc_row row_height_percent=&#8221;0&#8243; override_padding=&#8221;yes&#8221; h_padding=&#8221;2&#8243; top_padding=&#8221;4&#8243; bottom_padding=&#8221;1&#8243; back_color=&#8221;color-xsdn&#8221; overlay_alpha=&#8221;50&#8243; gutter_size=&#8221;3&#8243; column_width_percent=&#8221;100&#8243; shift_y=&#8221;0&#8243; z_index=&#8221;0&#8243; top_divider=&#8221;step_2_3&#8243; uncode_shortcode_id=&#8221;755419&#8243; back_color_type=&#8221;uncode-palette&#8221;][vc_column column_width_percent=&#8221;100&#8243; position_vertical=&#8221;middle&#8221; gutter_size=&#8221;4&#8243; overlay_alpha=&#8221;50&#8243; shift_x=&#8221;0&#8243; [&hellip;]","og_url":"https:\/\/raresbesliu.com\/en\/emotii\/","og_site_name":"Rare\u0219 Be\u0219liu - Wildlife Photography","article_modified_time":"2023-12-04T19:14:24+00:00","twitter_card":"summary_large_image","twitter_misc":{"Est. reading time":"6 minutes"},"schema":{"@context":"https:\/\/schema.org","@graph":[{"@type":"WebPage","@id":"https:\/\/raresbesliu.com\/en\/emotii\/","url":"https:\/\/raresbesliu.com\/en\/emotii\/","name":"Emotii - Rare\u0219 Be\u0219liu - Wildlife Photography","isPartOf":{"@id":"https:\/\/raresbesliu.com\/en\/#website"},"datePublished":"2023-11-02T08:33:47+00:00","dateModified":"2023-12-04T19:14:24+00:00","breadcrumb":{"@id":"https:\/\/raresbesliu.com\/en\/emotii\/#breadcrumb"},"inLanguage":"en-US","potentialAction":[{"@type":"ReadAction","target":["https:\/\/raresbesliu.com\/en\/emotii\/"]}]},{"@type":"BreadcrumbList","@id":"https:\/\/raresbesliu.com\/en\/emotii\/#breadcrumb","itemListElement":[{"@type":"ListItem","position":1,"name":"Prima pagin\u0103","item":"https:\/\/raresbesliu.com\/en\/homepage\/"},{"@type":"ListItem","position":2,"name":"Emotii"}]},{"@type":"WebSite","@id":"https:\/\/raresbesliu.com\/en\/#website","url":"https:\/\/raresbesliu.com\/en\/","name":"Rare\u0219 Be\u0219liu - Wildlife Photograhy","description":"Wildlife Photography by Rare\u0219 Be\u0219liu","publisher":{"@id":"https:\/\/raresbesliu.com\/en\/#\/schema\/person\/32073ae00259d039e10c0e01781227c3"},"potentialAction":[{"@type":"SearchAction","target":{"@type":"EntryPoint","urlTemplate":"https:\/\/raresbesliu.com\/en\/?s={search_term_string}"},"query-input":{"@type":"PropertyValueSpecification","valueRequired":true,"valueName":"search_term_string"}}],"inLanguage":"en-US"},{"@type":["Person","Organization"],"@id":"https:\/\/raresbesliu.com\/en\/#\/schema\/person\/32073ae00259d039e10c0e01781227c3","name":"Besliu Rares","image":{"@type":"ImageObject","inLanguage":"en-US","@id":"https:\/\/raresbesliu.com\/en\/#\/schema\/person\/image\/","url":"https:\/\/raresbesliu.com\/wp-content\/uploads\/2022\/12\/og-rares-besliu.jpg","contentUrl":"https:\/\/raresbesliu.com\/wp-content\/uploads\/2022\/12\/og-rares-besliu.jpg","width":1200,"height":627,"caption":"Besliu Rares"},"logo":{"@id":"https:\/\/raresbesliu.com\/en\/#\/schema\/person\/image\/"}}]}},"_links":{"self":[{"href":"https:\/\/raresbesliu.com\/en\/wp-json\/wp\/v2\/pages\/121053","targetHints":{"allow":["GET"]}}],"collection":[{"href":"https:\/\/raresbesliu.com\/en\/wp-json\/wp\/v2\/pages"}],"about":[{"href":"https:\/\/raresbesliu.com\/en\/wp-json\/wp\/v2\/types\/page"}],"author":[{"embeddable":true,"href":"https:\/\/raresbesliu.com\/en\/wp-json\/wp\/v2\/users\/1"}],"replies":[{"embeddable":true,"href":"https:\/\/raresbesliu.com\/en\/wp-json\/wp\/v2\/comments?post=121053"}],"version-history":[{"count":4,"href":"https:\/\/raresbesliu.com\/en\/wp-json\/wp\/v2\/pages\/121053\/revisions"}],"predecessor-version":[{"id":121091,"href":"https:\/\/raresbesliu.com\/en\/wp-json\/wp\/v2\/pages\/121053\/revisions\/121091"}],"wp:attachment":[{"href":"https:\/\/raresbesliu.com\/en\/wp-json\/wp\/v2\/media?parent=121053"}],"curies":[{"name":"wp","href":"https:\/\/api.w.org\/{rel}","templated":true}]}}